{"id":2,"date":"2022-09-01T19:31:50","date_gmt":"2022-09-01T19:31:50","guid":{"rendered":"https:\/\/amclemencon.com\/?page_id=2"},"modified":"2024-03-08T10:21:12","modified_gmt":"2024-03-08T08:21:12","slug":"sample-page","status":"publish","type":"page","link":"https:\/\/amclemencon.com\/?page_id=2","title":{"rendered":"La psychoth\u00e9rapie"},"content":{"rendered":"<p>[et_pb_section fb_built=\u00a0\u00bb1&Prime; _builder_version=\u00a0\u00bb4.16&Prime; global_colors_info=\u00a0\u00bb{}\u00a0\u00bb][et_pb_row _builder_version=\u00a0\u00bb4.21.0&Prime; background_size=\u00a0\u00bbinitial\u00a0\u00bb background_position=\u00a0\u00bbtop_left\u00a0\u00bb background_repeat=\u00a0\u00bbrepeat\u00a0\u00bb custom_padding=\u00a0\u00bb27px||35px|||\u00a0\u00bb global_colors_info=\u00a0\u00bb{}\u00a0\u00bb][et_pb_column type=\u00a0\u00bb4_4&Prime; _builder_version=\u00a0\u00bb4.16&Prime; custom_padding=\u00a0\u00bb|||\u00a0\u00bb global_colors_info=\u00a0\u00bb{}\u00a0\u00bb custom_padding__hover=\u00a0\u00bb|||\u00a0\u00bb][et_pb_text _builder_version=\u00a0\u00bb4.21.0&Prime; background_size=\u00a0\u00bbinitial\u00a0\u00bb background_position=\u00a0\u00bbtop_left\u00a0\u00bb background_repeat=\u00a0\u00bbrepeat\u00a0\u00bb global_colors_info=\u00a0\u00bb{}\u00a0\u00bb]<\/p>\n<p><!-- divi:paragraph --><\/p>\n<h1 style=\"text-align: justify;\">Psychoth\u00e9rapie : de quoi s&rsquo;agit-il ?<\/h1>\n<h2 style=\"text-align: justify;\">Origine<\/h2>\n<p style=\"text-align: justify;\">Les \u00ab psychoth\u00e9rapies \u00bb trouvent leur origine dans diff\u00e9rentes pratiques, dont l&rsquo;analyse psychologique de <a href=\"https:\/\/fr.wikipedia.org\/wiki\/Pierre_Janet\" title=\"Pierre Janet\">Pierre Janet<\/a> (1), la cure par la parole de <a href=\"https:\/\/fr.wikipedia.org\/wiki\/Josef_Breuer\" title=\"Josef Breuer\">Josef Breuer (2)<\/a>, l&rsquo;<a href=\"https:\/\/fr.wikipedia.org\/wiki\/Hypnose\" title=\"Hypnose\">hypnose<\/a> et la <a href=\"https:\/\/fr.wikipedia.org\/wiki\/Psychanalyse\" title=\"Psychanalyse\">psychanalyse<\/a>.<\/p>\n<p style=\"text-align: justify;\">Le sens moderne a \u00e9t\u00e9 propos\u00e9 par le psychiatre anglais <a href=\"https:\/\/fr.wikipedia.org\/w\/index.php?title=Walter_Cooper_Dendy&amp;action=edit&amp;redlink=1\" class=\"new\" title=\"Walter Cooper Dendy (page inexistante)\">Walter Cooper Dendy<\/a>\u00a0<a href=\"https:\/\/en.wikipedia.org\/wiki\/Walter_Cooper_Dendy\" class=\"extiw\" title=\"en:Walter Cooper Dendy\"><span class=\"indicateur-langue\" title=\"Article en anglais\u00a0: \u00ab\u00a0Walter Cooper Dendy\u00a0\u00bb\">(en)<\/span><\/a>, qui introduit le terme de <i>psychotherapeia<\/i> en 1853<sup id=\"cite_ref-1\" class=\"reference\"><a href=\"https:\/\/fr.wikipedia.org\/wiki\/Psychoth%C3%A9rapie#cite_note-1\">1<\/a><\/sup>. Le terme d\u00e9finitif de <i>psychoth\u00e9rapie<\/i> aurait \u00e9t\u00e9 invent\u00e9 par <a href=\"https:\/\/fr.wikipedia.org\/wiki\/Hippolyte_Bernheim\" title=\"Hippolyte Bernheim\">Hippolyte Bernheim<\/a>, chef de file de l&rsquo;<a href=\"https:\/\/fr.wikipedia.org\/wiki\/%C3%89cole_de_Nancy_(psychologie)\" title=\"\u00c9cole de Nancy (psychologie)\">\u00c9cole de Nancy<\/a> <span class=\"citation\">\u00ab\u00a0qui publia en 1891 un ouvrage intitul\u00e9 <i>Hypnotisme, suggestion, psychoth\u00e9rapie<\/i>\u00a0\u00bb<\/span><sup id=\"cite_ref-2\" class=\"reference\"><a href=\"https:\/\/fr.wikipedia.org\/wiki\/Psychoth%C3%A9rapie#cite_note-2\">2<\/a><\/sup>.<\/p>\n<p style=\"text-align: justify;\">Toutefois, le mot <i>psychoth\u00e9rapie<\/i> appara\u00eet \u00e0 la fin du <abbr class=\"abbr\" title=\"19\u1d49 si\u00e8cle\"><span class=\"romain\">XIX<\/span><sup style=\"font-size: 72%;\">e<\/sup><\/abbr>\u00a0si\u00e8cle<sup id=\"cite_ref-3\" class=\"reference\"><a href=\"https:\/\/fr.wikipedia.org\/wiki\/Psychoth%C3%A9rapie#cite_note-3\">3<\/a><\/sup> en Allemagne<sup id=\"cite_ref-4\" class=\"reference\"><a href=\"https:\/\/fr.wikipedia.org\/wiki\/Psychoth%C3%A9rapie#cite_note-4\">4<\/a><\/sup>. Celui-ci est construit sur les racines grecques <span class=\"lang-grc\" lang=\"grc\">\u03b8\u03b5\u03c1\u03b1\u03c0\u03b5\u03af\u03b1<\/span>, <i>therape\u00eda<\/i>, \u00ab\u00a0cure\u00a0\u00bb, et <span class=\"lang-grc\" lang=\"grc\">\u03c8\u03c5\u03c7\u03ae<\/span>, <i>psykh\u00ea<\/i>, \u00ab\u00a0\u00e2me\u00a0\u00bb, \u00ab\u00a0esprit\u00a0\u00bb, signifiant litt\u00e9ralement \u00ab\u00a0<a href=\"https:\/\/fr.wikipedia.org\/wiki\/Th%C3%A9rapie\" class=\"mw-redirect\" title=\"Th\u00e9rapie\">th\u00e9rapies<\/a> par la <a href=\"https:\/\/fr.wikipedia.org\/wiki\/Psych%C3%A9_(psychologie)\" title=\"Psych\u00e9 (psychologie)\">psych\u00e9<\/a>\u00a0\u00bb.<\/p>\n<blockquote>\n<p><strong>Les psychoth\u00e9rapies ont pour vocation de \u00ab\u00a0soigner par l&rsquo;esprit\u00a0\u00bb des souffrances tant <a href=\"https:\/\/fr.wikipedia.org\/wiki\/Psychisme\" title=\"Psychisme\">psychiques<\/a> que <a href=\"https:\/\/fr.wikipedia.org\/wiki\/Somatique\" class=\"mw-redirect\" title=\"Somatique\">somatiques<\/a> dans le cadre d&rsquo;une relation \u00e0 un psychoth\u00e9rapeute<\/strong><\/p>\n<p><strong><\/strong><\/p>\n<\/blockquote>\n<p style=\"text-align: justify;\"><!-- \/divi:paragraph --><!-- divi:quote --><\/p>\n<blockquote class=\"wp-block-quote\"><\/blockquote>\n<p style=\"text-align: justify;\"><!-- \/divi:paragraph --><\/p>\n<p>[\/et_pb_text][et_pb_text _builder_version=\u00a0\u00bb4.21.0&Prime; _module_preset=\u00a0\u00bbdefault\u00a0\u00bb global_colors_info=\u00a0\u00bb{}\u00a0\u00bb]<\/p>\n<h1>Pourquoi commencer une psychoth\u00e9rapie ?<\/h1>\n<p>[\/et_pb_text][et_pb_text _builder_version=\u00a0\u00bb4.21.0&Prime; _module_preset=\u00a0\u00bbdefault\u00a0\u00bb global_colors_info=\u00a0\u00bb{}\u00a0\u00bb]<\/p>\n<ul>\n<li>Apprendre \u00e0 mieux se conna\u00eetre<\/li>\n<li>Avoir plus confiance en soi<\/li>\n<li>Vivre plus tranquillement les relations avec les autres<\/li>\n<li>Traverser les relations professionnelles et personnelles difficiles : conflits, travail, conjoint, enfants<\/li>\n<li>Se faire accompagner pour surmonter des \u00e9tapes difficiles de la vie : deuil, d\u00e9pression, anxi\u00e9t\u00e9, perte de confiance et d\u2019estime de soi, doutes<\/li>\n<li>Identifier et mieux accueillir ses \u00e9motions,<\/li>\n<li>Exprimer ses \u00e9motions<\/li>\n<li>Faire face aux probl\u00e9matiques, changements professionnels et personnels ; situations de harc\u00e8lement, \u00e9puisement professionnel\u2026<\/li>\n<li>Angoisses<\/li>\n<li>Troubles obsessionnels compulsifs (TOC)<\/li>\n<\/ul>\n<p>[\/et_pb_text][\/et_pb_column][\/et_pb_row][et_pb_row _builder_version=\u00a0\u00bb4.22.1&Prime; _module_preset=\u00a0\u00bbdefault\u00a0\u00bb global_colors_info=\u00a0\u00bb{}\u00a0\u00bb][et_pb_column type=\u00a0\u00bb4_4&Prime; _builder_version=\u00a0\u00bb4.21.0&Prime; _module_preset=\u00a0\u00bbdefault\u00a0\u00bb global_colors_info=\u00a0\u00bb{}\u00a0\u00bb][et_pb_testimonial author=\u00a0\u00bbAnne-Marie Cl\u00e9men\u00e7on, Psychopraticienne \u00e0 Saint Genis Laval  \u00a0\u00bb portrait_url=\u00a0\u00bbhttps:\/\/amclemencon.com\/wp-content\/uploads\/2023\/01\/v2_photo_identite_AM_Clemencon.jpg\u00a0\u00bb _builder_version=\u00a0\u00bb4.22.1&Prime; _module_preset=\u00a0\u00bbdefault\u00a0\u00bb global_colors_info=\u00a0\u00bb{}\u00a0\u00bb]<\/p>\n<p>D&rsquo;exp\u00e9rience, je recommande \u00e0 mes nouveaux patients, de r\u00e9aliser au moins trois s\u00e9ances de psychoth\u00e9rapie avec moi pour voir s&rsquo;ils souhaitent continuer ou s&rsquo;arr\u00eater l\u00e0.<\/p>\n<p>Il est essentiel de prendre le temps de choisir son praticien ;<\/p>\n<ul>\n<li>se sentir en confiance\u00a0 dans la relation th\u00e9rapeutique,<\/li>\n<li>voir si le cadre du cabinet vous convient<\/li>\n<li>tester les trajets jusqu&rsquo;au cabinet et voir si <a href=\"https:\/\/www.google.fr\/maps\/place\/Cabinet+de+psychoth%C3%A9rapie+Anne-Marie+Cl%C3%A9men%C3%A7on\/@45.6930038,4.7999086,17z\/data=!3m1!4b1!4m6!3m5!1s0x47f4ef464607537b:0x81dac142c85dff4f!8m2!3d45.6930001!4d4.8024835!16s%2Fg%2F11kbz6g934?entry=ttu\">l&#8217;emplacement vous convient<\/a><\/li>\n<\/ul>\n<p>Je cr\u00e9erai prochainement une page pr\u00e9sentant mon parcours, de mani\u00e8re \u00e0 en savoir davantage sur moi.<\/p>\n<p>[\/et_pb_testimonial][\/et_pb_column][\/et_pb_row][et_pb_row _builder_version=\u00a0\u00bb4.24.2&Prime; _module_preset=\u00a0\u00bbdefault\u00a0\u00bb min_height=\u00a0\u00bb516.9px\u00a0\u00bb hover_enabled=\u00a0\u00bb0&Prime; global_colors_info=\u00a0\u00bb{}\u00a0\u00bb sticky_enabled=\u00a0\u00bb0&Prime;][et_pb_column type=\u00a0\u00bb4_4&Prime; _builder_version=\u00a0\u00bb4.21.0&Prime; _module_preset=\u00a0\u00bbdefault\u00a0\u00bb global_colors_info=\u00a0\u00bb{}\u00a0\u00bb][et_pb_gallery gallery_ids=\u00a0\u00bb14&Prime; _builder_version=\u00a0\u00bb4.24.2&Prime; _module_preset=\u00a0\u00bbdefault\u00a0\u00bb hover_enabled=\u00a0\u00bb0&Prime; global_colors_info=\u00a0\u00bb{}\u00a0\u00bb sticky_enabled=\u00a0\u00bb0&Prime;][\/et_pb_gallery][et_pb_text _builder_version=\u00a0\u00bb4.21.0&Prime; _module_preset=\u00a0\u00bbdefault\u00a0\u00bb global_colors_info=\u00a0\u00bb{}\u00a0\u00bb]<\/p>\n<h1>Quelles sont les modalit\u00e9s financi\u00e8res des s\u00e9ances de psychoth\u00e9rapie ?<\/h1>\n<h2><\/h2>\n<blockquote>\n<h2>Montant des honoraires<\/h2>\n<\/blockquote>\n<ul>\n<li>1 s\u00e9ance dur\u00e9e 45 minutes : 65 euros<\/li>\n<li>1 s\u00e9ance dur\u00e9e 30 minutes : 50 euros<\/li>\n<\/ul>\n<blockquote>\n<h2>Modalit\u00e9s de paiement<\/h2>\n<\/blockquote>\n<ul>\n<li>Par ch\u00e8que<\/li>\n<li>Par virement<\/li>\n<li>Esp\u00e8ces<\/li>\n<\/ul>\n<p>[\/et_pb_text][\/et_pb_column][\/et_pb_row][et_pb_row _builder_version=\u00a0\u00bb4.21.0&Prime; _module_preset=\u00a0\u00bbdefault\u00a0\u00bb min_height=\u00a0\u00bb516.9px\u00a0\u00bb global_colors_info=\u00a0\u00bb{}\u00a0\u00bb][et_pb_column type=\u00a0\u00bb4_4&Prime; _builder_version=\u00a0\u00bb4.21.0&Prime; _module_preset=\u00a0\u00bbdefault\u00a0\u00bb global_colors_info=\u00a0\u00bb{}\u00a0\u00bb][et_pb_text _builder_version=\u00a0\u00bb4.21.0&Prime; _module_preset=\u00a0\u00bbdefault\u00a0\u00bb global_colors_info=\u00a0\u00bb{}\u00a0\u00bb]<\/p>\n<h1><\/h1>\n<h1>Quel est le format possible ?<\/h1>\n<h1><\/h1>\n<blockquote>\n<h1>Cabinet ? en visio ?<\/h1>\n<\/blockquote>\n<p>Je pratique la psychoth\u00e9rapie uniquement en pr\u00e9sentiel, au Cabinet situ\u00e9 <a href=\"https:\/\/www.google.com\/maps\/place\/Cabinet+de+psychoth%C3%A9rapie+Anne-Marie+Cl%C3%A9men%C3%A7on\/@45.6747402,4.7527013,17z\/data=!3m1!4b1!4m6!3m5!1s0x47f4ef464607537b:0x81dac142c85dff4f!8m2!3d45.6747365!4d4.7552762!16s%2Fg%2F11kbz6g934?entry=ttu\">au Centre de th\u00e9rapie corporelle et psychologique 1, All\u00e9e de Chazelles 69230 Saint Genis Laval\u00a0 <\/a><\/p>\n<p>De mani\u00e8re exceptionnelle, il est possible de r\u00e9aliser des s\u00e9ances en visio, lorsque l&rsquo;exp\u00e9rience de la psychoth\u00e9rapie au Cabinet est d\u00e9j\u00e0 \u00e9prouv\u00e9e par certains patients, et que cela est \u00e0 titre occasionnel.<\/p>\n<h1>Comment prendre rendez-vous ?<\/h1>\n<blockquote>\n<h1>T\u00e9l\u00e9phone<\/h1>\n<\/blockquote>\n<p>Il est possible de prendre rendez-vous par t\u00e9l\u00e9phone au <strong>06 51 58 63 97.<\/strong><\/p>\n<p>Si je ne suis pas joignable vous pouvez me laisser un message vocal et je vous recontacterai sous un d\u00e9lai de 48 heures maximum.<\/p>\n<p>Vous pouvez \u00e9galement m&rsquo;envoyer un e-mail \u00e0 <a href=\"mailto:amclemenconpsy@gmail.com\">amclemenconpsy@gmail.com <\/a><\/p>\n<p>[\/et_pb_text][\/et_pb_column][\/et_pb_row][et_pb_row _builder_version=\u00a0\u00bb4.21.0&Prime; _module_preset=\u00a0\u00bbdefault\u00a0\u00bb custom_padding=\u00a0\u00bb0px|||||\u00a0\u00bb global_colors_info=\u00a0\u00bb{}\u00a0\u00bb][et_pb_column type=\u00a0\u00bb4_4&Prime; _builder_version=\u00a0\u00bb4.21.0&Prime; _module_preset=\u00a0\u00bbdefault\u00a0\u00bb global_colors_info=\u00a0\u00bb{}\u00a0\u00bb][et_pb_text _builder_version=\u00a0\u00bb4.21.0&Prime; _module_preset=\u00a0\u00bbdefault\u00a0\u00bb global_colors_info=\u00a0\u00bb{}\u00a0\u00bb]<\/p>\n<p>(1) Pierre Marie F\u00e9lix Janet est d&rsquo;abord un philosophe puis un psychologue et enfin un m\u00e9decin fran\u00e7ais. C&rsquo;est une figure majeure de la psychologie fran\u00e7aise de la fin du XIX\u1d49 si\u00e8cle, et de la premi\u00e8re moiti\u00e9 du si\u00e8cle suivant. Il cr\u00e9e le terme de subconscient<\/p>\n<p>(2) Josef Breuer, n\u00e9 \u00e0 Vienne le 15 janvier 1842 et mort \u00e0 Vienne le 25 juin 1925, est un m\u00e9decin et physiologiste autrichien. Il s&rsquo;int\u00e9ressa \u00e0 l&rsquo;hyst\u00e9rie et est surtout connu pour avoir pris en charge la patiente Bertha Pappenheim, \u00e9pisode clinique qui influen\u00e7a consid\u00e9rablement Sigmund Freud<\/p>\n<p>&nbsp;<\/p>\n<p>&nbsp;<\/p>\n<p>[\/et_pb_text][\/et_pb_column][\/et_pb_row][\/et_pb_section]<\/p>\n","protected":false},"excerpt":{"rendered":"<p>Qu&rsquo;est-ce que la psychoth\u00e9rapie ? <\/p>\n<p>Quelles sont les modalit\u00e9s pratiques ? Le cadre de fonctionnement ?<br \/>\nEst-ce possible de faire des s\u00e9ances en visio? <\/p>\n","protected":false},"author":1,"featured_media":14,"parent":0,"menu_order":2,"comment_status":"closed","ping_status":"open","template":"","meta":{"_et_pb_use_builder":"on","_et_pb_old_content":"<!-- wp:paragraph -->\n<p>This is an example page. It's different from a blog post because it will stay in one place and will show up in your site navigation (in most themes). Most people start with an About page that introduces them to potential site visitors. It might say something like this:<\/p>\n<!-- \/wp:paragraph -->\n\n<!-- wp:quote -->\n<blockquote class=\"wp-block-quote\"><p>Hi there! I'm a bike messenger by day, aspiring actor by night, and this is my website. I live in Los Angeles, have a great dog named Jack, and I like pi\u00f1a coladas. (And gettin' caught in the rain.)<\/p><\/blockquote>\n<!-- \/wp:quote -->\n\n<!-- wp:paragraph -->\n<p>...or something like this:<\/p>\n<!-- \/wp:paragraph -->\n\n<!-- wp:quote -->\n<blockquote class=\"wp-block-quote\"><p>The XYZ Doohickey Company was founded in 1971, and has been providing quality doohickeys to the public ever since. Located in Gotham City, XYZ employs over 2,000 people and does all kinds of awesome things for the Gotham community.<\/p><\/blockquote>\n<!-- \/wp:quote -->\n\n<!-- wp:paragraph -->\n<p>As a new WordPress user, you should go to <a href=\"https:\/\/amclemencon.com\/wp-admin\/\">your dashboard<\/a> to delete this page and create new pages for your content. Have fun!<\/p>\n<!-- \/wp:paragraph -->","_et_gb_content_width":"","footnotes":""},"class_list":["post-2","page","type-page","status-publish","has-post-thumbnail","hentry"],"mb":[],"mfb_rest_fields":["title"],"_links":{"self":[{"href":"https:\/\/amclemencon.com\/index.php?rest_route=\/wp\/v2\/pages\/2","targetHints":{"allow":["GET"]}}],"collection":[{"href":"https:\/\/amclemencon.com\/index.php?rest_route=\/wp\/v2\/pages"}],"about":[{"href":"https:\/\/amclemencon.com\/index.php?rest_route=\/wp\/v2\/types\/page"}],"author":[{"embeddable":true,"href":"https:\/\/amclemencon.com\/index.php?rest_route=\/wp\/v2\/users\/1"}],"replies":[{"embeddable":true,"href":"https:\/\/amclemencon.com\/index.php?rest_route=%2Fwp%2Fv2%2Fcomments&post=2"}],"version-history":[{"count":11,"href":"https:\/\/amclemencon.com\/index.php?rest_route=\/wp\/v2\/pages\/2\/revisions"}],"predecessor-version":[{"id":284,"href":"https:\/\/amclemencon.com\/index.php?rest_route=\/wp\/v2\/pages\/2\/revisions\/284"}],"wp:featuredmedia":[{"embeddable":true,"href":"https:\/\/amclemencon.com\/index.php?rest_route=\/wp\/v2\/media\/14"}],"wp:attachment":[{"href":"https:\/\/amclemencon.com\/index.php?rest_route=%2Fwp%2Fv2%2Fmedia&parent=2"}],"curies":[{"name":"wp","href":"https:\/\/api.w.org\/{rel}","templated":true}]}}