{"id":277,"date":"2024-02-29T18:56:35","date_gmt":"2024-02-29T16:56:35","guid":{"rendered":"https:\/\/amclemencon.com\/?page_id=277"},"modified":"2024-02-29T18:56:47","modified_gmt":"2024-02-29T16:56:47","slug":"qui-contacter-pour-les-situations-durgence","status":"publish","type":"page","link":"https:\/\/amclemencon.com\/?page_id=277","title":{"rendered":"Qui contacter pour les situations d&rsquo;urgence ?"},"content":{"rendered":"<p>[et_pb_section fb_built=\u00a0\u00bb1&Prime; _builder_version=\u00a0\u00bb4.24.2&Prime; _module_preset=\u00a0\u00bbdefault\u00a0\u00bb global_colors_info=\u00a0\u00bb{}\u00a0\u00bb theme_builder_area=\u00a0\u00bbpost_content\u00a0\u00bb][et_pb_row _builder_version=\u00a0\u00bb4.24.2&Prime; _module_preset=\u00a0\u00bbdefault\u00a0\u00bb global_colors_info=\u00a0\u00bb{}\u00a0\u00bb theme_builder_area=\u00a0\u00bbpost_content\u00a0\u00bb][et_pb_column type=\u00a0\u00bb4_4&Prime; _builder_version=\u00a0\u00bb4.24.2&Prime; _module_preset=\u00a0\u00bbdefault\u00a0\u00bb global_colors_info=\u00a0\u00bb{}\u00a0\u00bb theme_builder_area=\u00a0\u00bbpost_content\u00a0\u00bb][et_pb_text _builder_version=\u00a0\u00bb4.24.2&Prime; _module_preset=\u00a0\u00bbdefault\u00a0\u00bb custom_padding=\u00a0\u00bb||0px|||\u00a0\u00bb global_colors_info=\u00a0\u00bb{}\u00a0\u00bb theme_builder_area=\u00a0\u00bbpost_content\u00a0\u00bb]<\/p>\n<h1><strong>Mes partenaires<\/strong><\/h1>\n<p><strong><\/strong><\/p>\n<p><strong><\/strong><\/p>\n<p>[\/et_pb_text][\/et_pb_column][\/et_pb_row][et_pb_row column_structure=\u00a0\u00bb2_5,3_5&Prime; _builder_version=\u00a0\u00bb4.24.2&Prime; _module_preset=\u00a0\u00bbdefault\u00a0\u00bb hover_enabled=\u00a0\u00bb0&Prime; global_colors_info=\u00a0\u00bb{}\u00a0\u00bb theme_builder_area=\u00a0\u00bbpost_content\u00a0\u00bb sticky_enabled=\u00a0\u00bb0&Prime;][et_pb_column type=\u00a0\u00bb2_5&Prime; _builder_version=\u00a0\u00bb4.24.2&Prime; _module_preset=\u00a0\u00bbdefault\u00a0\u00bb global_colors_info=\u00a0\u00bb{}\u00a0\u00bb theme_builder_area=\u00a0\u00bbpost_content\u00a0\u00bb][et_pb_text _builder_version=\u00a0\u00bb4.24.2&Prime; _module_preset=\u00a0\u00bbdefault\u00a0\u00bb global_colors_info=\u00a0\u00bb{}\u00a0\u00bb theme_builder_area=\u00a0\u00bbpost_content\u00a0\u00bb][\/et_pb_text][\/et_pb_column][et_pb_column type=\u00a0\u00bb3_5&Prime; _builder_version=\u00a0\u00bb4.24.2&Prime; _module_preset=\u00a0\u00bbdefault\u00a0\u00bb global_colors_info=\u00a0\u00bb{}\u00a0\u00bb theme_builder_area=\u00a0\u00bbpost_content\u00a0\u00bb][et_pb_text _builder_version=\u00a0\u00bb4.24.2&Prime; _module_preset=\u00a0\u00bbdefault\u00a0\u00bb global_colors_info=\u00a0\u00bb{}\u00a0\u00bb theme_builder_area=\u00a0\u00bbpost_content\u00a0\u00bb]<\/p>\n<p><strong>Le 119 &#8211; All\u00f4 enfance en danger : un num\u00e9ro pour les situations d&rsquo;urgence <br \/><\/strong><\/p>\n<p>Victime de violence, inquiet pour l\u2019un de ses camarades, pr\u00e9occup\u00e9 par une situation d\u2019enfant en danger ou en risque de l\u2019\u00eatre\u00a0: face \u00e0 toutes ces situations, vous pouvez appeler le <strong>119<\/strong>, All\u00f4 enfance en danger.<\/p>\n<p>Le 119 est un <strong>num\u00e9ro national<\/strong>, joignable tous les jours de l&rsquo;ann\u00e9e <strong>24h\/24, <\/strong>et gratuit depuis tous les t\u00e9l\u00e9phones (fixes, mobiles, cabines&#8230;).<\/p>\n<p><strong>\u00c0 savoir :\u00a0<\/strong><span>le num\u00e9ro 119 respecte la <strong>confidentialit\u00e9<\/strong> des appels et <strong>n&rsquo;appara\u00eet sur aucun relev\u00e9 de t\u00e9l\u00e9phone<\/strong>.<\/span><\/p>\n<p><span><\/span><\/p>\n<div id=\"chapitre_4\">\n<h4 id=\"titreChapitre_-5027723963094393249\">Qui peut appeler le 119\u00a0?<\/h4>\n<ul>\n<li>Les enfants et les adolescents confront\u00e9s \u00e0 une situation de risque et de danger, pour eux-m\u00eames ou pour un autre enfant qu&rsquo;ils connaissent.<\/li>\n<li>Les jeunes majeurs ainsi que les adultes confront\u00e9s ou pr\u00e9occup\u00e9s par une situation d&rsquo;enfant en danger ou en risque de l&rsquo;\u00eatre (famille proche, famille \u00e9largie, voisins, communaut\u00e9 \u00e9ducative&#8230;).<\/li>\n<\/ul>\n<div data-content=\"sousChapitres\"><\/div>\n<\/div>\n<div id=\"chapitre_5\">\n<h4 id=\"titreChapitre_-3019652558067888365\">Quelles sont les probl\u00e9matiques prises en charge par le 119\u00a0?<\/h4>\n<p>Les appels concernent principalement des violences subies par les enfants\u00a0: violences psychologiques, physiques ou sexuelles, au sein de la famille ou en institution.<\/p>\n<p>45\u00a0\u00e9coutants professionnels r\u00e9pondent aux appels et conseillent ou orientent les demandeurs en fonction de la situation.<\/p>\n<p>Les appels des mineurs sont trait\u00e9s en priorit\u00e9.<\/p>\n<\/div>\n<p><a href=\"https:\/\/www.service-public.fr\/particuliers\/actualites\/A14455\">www.service-public.fr\/particuliers\/actualites\/A14455<\/a><\/p>\n<p>&nbsp;<\/p>\n<p>[\/et_pb_text][\/et_pb_column][\/et_pb_row][\/et_pb_section]<\/p>\n","protected":false},"excerpt":{"rendered":"<p>Mes partenaires Le 119 &#8211; All\u00f4 enfance en danger : un num\u00e9ro pour les situations d&rsquo;urgence Victime de violence, inquiet pour l\u2019un de ses camarades, pr\u00e9occup\u00e9 par une situation d\u2019enfant en danger ou en risque de l\u2019\u00eatre\u00a0: face \u00e0 toutes ces situations, vous pouvez appeler le 119, All\u00f4 enfance en danger. Le 119 est un [&hellip;]<\/p>\n","protected":false},"author":1,"featured_media":0,"parent":0,"menu_order":0,"comment_status":"closed","ping_status":"closed","template":"","meta":{"_et_pb_use_builder":"on","_et_pb_old_content":"","_et_gb_content_width":"","footnotes":""},"class_list":["post-277","page","type-page","status-publish","hentry"],"mb":[],"mfb_rest_fields":["title"],"_links":{"self":[{"href":"https:\/\/amclemencon.com\/index.php?rest_route=\/wp\/v2\/pages\/277","targetHints":{"allow":["GET"]}}],"collection":[{"href":"https:\/\/amclemencon.com\/index.php?rest_route=\/wp\/v2\/pages"}],"about":[{"href":"https:\/\/amclemencon.com\/index.php?rest_route=\/wp\/v2\/types\/page"}],"author":[{"embeddable":true,"href":"https:\/\/amclemencon.com\/index.php?rest_route=\/wp\/v2\/users\/1"}],"replies":[{"embeddable":true,"href":"https:\/\/amclemencon.com\/index.php?rest_route=%2Fwp%2Fv2%2Fcomments&post=277"}],"version-history":[{"count":2,"href":"https:\/\/amclemencon.com\/index.php?rest_route=\/wp\/v2\/pages\/277\/revisions"}],"predecessor-version":[{"id":280,"href":"https:\/\/amclemencon.com\/index.php?rest_route=\/wp\/v2\/pages\/277\/revisions\/280"}],"wp:attachment":[{"href":"https:\/\/amclemencon.com\/index.php?rest_route=%2Fwp%2Fv2%2Fmedia&parent=277"}],"curies":[{"name":"wp","href":"https:\/\/api.w.org\/{rel}","templated":true}]}}