{"id":367,"date":"2025-09-09T17:34:46","date_gmt":"2025-09-09T15:34:46","guid":{"rendered":"https:\/\/amclemencon.com\/?page_id=367"},"modified":"2025-09-09T17:53:17","modified_gmt":"2025-09-09T15:53:17","slug":"367-2","status":"publish","type":"page","link":"https:\/\/amclemencon.com\/?page_id=367","title":{"rendered":"Dispositifs sp\u00e9cifiques"},"content":{"rendered":"\n<h3 class=\"wp-block-heading\"><strong>Souplesse du dispositif de la psychoth\u00e9rapie pour s&rsquo;adapter aux situations particuli\u00e8res <\/strong><\/h3>\n\n\n\n<p>Certaines circonstances de la vie peuvent rendre difficile le maintien des s\u00e9ances dans un cadre classique, en pr\u00e9sentiel, \u00e0 mon cabinet : hospitalisation, s\u00e9jour en EHPAD, d\u00e9placement \u00e0 l\u2019\u00e9tranger, ou encore perte temporaire d\u2019autonomie.<\/p>\n\n\n\n<p>Pour que le travail th\u00e9rapeutique puisse se poursuivre malgr\u00e9 ces contextes sp\u00e9cifiques, il est parfois n\u00e9cessaire d\u2019am\u00e9nager le dispositif.<\/p>\n\n\n\n<h3 class=\"wp-block-heading\">Tout en respectant un cadre th\u00e9rapeutique s\u00e9cure et structur\u00e9<\/h3>\n\n\n\n<p>M\u00eame lorsque le dispositif est adapt\u00e9, le cadre th\u00e9rapeutique reste structur\u00e9 et s\u00e9cure pour le patient et le th\u00e9rapeute : il garantit la confidentialit\u00e9, la continuit\u00e9 et la s\u00e9curit\u00e9 n\u00e9cessaires au travail psychique. <\/p>\n\n\n\n<p>L\u2019objectif est de pr\u00e9server la continuit\u00e9 du processus et du lien th\u00e9rapeutique, tout en tenant compte des r\u00e9alit\u00e9s concr\u00e8tes que peut traverser le patient.<\/p>\n\n\n\n<h3 class=\"wp-block-heading\">Modalit\u00e9s possibles d\u2019adaptation<\/h3>\n\n\n\n<p>Lorsque la situation le permet et le justifie, plusieurs formes d\u2019am\u00e9nagement peuvent \u00eatre envisag\u00e9es :<\/p>\n\n\n\n<ul class=\"wp-block-list\">\n<li><strong>S\u00e9ances en visioconf\u00e9rence<\/strong> : une solution flexible pour maintenir le lien th\u00e9rapeutique en cas de d\u00e9placement, de convalescence ou de difficult\u00e9s de mobilit\u00e9.<\/li>\n\n\n\n<li><strong>D\u00e9placement au sein d\u2019Institutions<\/strong> : j&rsquo;interviens en EHPAD, en h\u00f4pital ou en clinique, lorsque cela est n\u00e9cessaire et possible, en concertation avec les \u00e9quipes pr\u00e9sentes sur place.<\/li>\n\n\n\n<li><strong>Travail en lien avec les professionnels de sant\u00e9<\/strong> : avec l\u2019accord du patient, un \u00e9change ou une coordination peut \u00eatre mise en place avec les autres intervenants (m\u00e9decins, psychologues institutionnels, assistantes sociales&#8230;).<\/li>\n<\/ul>\n\n\n\n<p>Chaque am\u00e9nagement est discut\u00e9 au cas par cas, afin de trouver une solution adapt\u00e9e \u00e0 la situation, aux besoins du patient et aux exigences du cadre th\u00e9rapeutique.<\/p>\n\n\n\n<h3 class=\"wp-block-heading\">Maintenir le lien th\u00e9rapeutique en p\u00e9riode de vuln\u00e9rabilit\u00e9<\/h3>\n\n\n\n<p>Certaines p\u00e9riodes de vie \u2013 maladie, perte d\u2019autonomie, \u00e9loignement \u2013 peuvent fragiliser le patient. Dans ces moments-l\u00e0, la continuit\u00e9 du suivi psychoth\u00e9rapeutique est un appui pr\u00e9cieux.<br>Am\u00e9nager le dispositif th\u00e9rapeutique permet d\u2019\u00e9viter les ruptures, tout en accompagnant la personne dans ce qu\u2019elle traverse, de mani\u00e8re ajust\u00e9e et respectueuse.<\/p>\n\n\n\n<hr class=\"wp-block-separator has-alpha-channel-opacity\"\/>\n\n\n\n<p>\ud83e\udde0 <strong>Pour en savoir plus ou \u00e9voquer une situation particuli\u00e8re<\/strong><br>Vous pouvez me contacter directement. Nous prendrons le temps de r\u00e9fl\u00e9chir ensemble \u00e0 ce qui peut \u00eatre mis en place, dans les meilleures conditions.<\/p>\n\n\n\n<p>Anne-Marie Clemen\u00e7on, Psychopraticienne pour adultes-enfants-adolescents<\/p>\n\n\n\n<p>Je suis joignable par t\u00e9l\u00e9phone au 06 51 58 63 97 <\/p>\n","protected":false},"excerpt":{"rendered":"<p>Souplesse du dispositif de la psychoth\u00e9rapie pour s&rsquo;adapter aux situations particuli\u00e8res Certaines circonstances de la vie peuvent rendre difficile le maintien des s\u00e9ances dans un cadre classique, en pr\u00e9sentiel, \u00e0 mon cabinet : hospitalisation, s\u00e9jour en EHPAD, d\u00e9placement \u00e0 l\u2019\u00e9tranger, ou encore perte temporaire d\u2019autonomie. Pour que le travail th\u00e9rapeutique puisse se poursuivre malgr\u00e9 ces [&hellip;]<\/p>\n","protected":false},"author":1,"featured_media":0,"parent":0,"menu_order":0,"comment_status":"closed","ping_status":"closed","template":"","meta":{"_et_pb_use_builder":"off","_et_pb_old_content":"","_et_gb_content_width":"","footnotes":""},"class_list":["post-367","page","type-page","status-publish","hentry"],"mb":[],"mfb_rest_fields":["title"],"_links":{"self":[{"href":"https:\/\/amclemencon.com\/index.php?rest_route=\/wp\/v2\/pages\/367","targetHints":{"allow":["GET"]}}],"collection":[{"href":"https:\/\/amclemencon.com\/index.php?rest_route=\/wp\/v2\/pages"}],"about":[{"href":"https:\/\/amclemencon.com\/index.php?rest_route=\/wp\/v2\/types\/page"}],"author":[{"embeddable":true,"href":"https:\/\/amclemencon.com\/index.php?rest_route=\/wp\/v2\/users\/1"}],"replies":[{"embeddable":true,"href":"https:\/\/amclemencon.com\/index.php?rest_route=%2Fwp%2Fv2%2Fcomments&post=367"}],"version-history":[{"count":6,"href":"https:\/\/amclemencon.com\/index.php?rest_route=\/wp\/v2\/pages\/367\/revisions"}],"predecessor-version":[{"id":377,"href":"https:\/\/amclemencon.com\/index.php?rest_route=\/wp\/v2\/pages\/367\/revisions\/377"}],"wp:attachment":[{"href":"https:\/\/amclemencon.com\/index.php?rest_route=%2Fwp%2Fv2%2Fmedia&parent=367"}],"curies":[{"name":"wp","href":"https:\/\/api.w.org\/{rel}","templated":true}]}}